{"id":2911,"date":"2023-03-29T22:04:47","date_gmt":"2023-03-29T19:04:47","guid":{"rendered":"https:\/\/simulacrum.ee\/?page_id=2911"},"modified":"2024-01-30T22:33:25","modified_gmt":"2024-01-30T20:33:25","slug":"digireklaam","status":"publish","type":"page","link":"https:\/\/simulacrum.ee\/en\/ads\/","title":{"rendered":"Ads"},"content":{"rendered":"<div class=\"wp-block-uagb-container uagb-block-db10d9fa alignfull uagb-is-root-container\"><div class=\"uagb-container-inner-blocks-wrap\">\n<div class=\"wp-block-uagb-container uagb-block-d76f8bae\">\n<div class=\"wp-block-uagb-info-box uagb-block-a7280aad uagb-infobox__content-wrap  uagb-infobox-icon-above-title uagb-infobox-image-valign-top\"><div class=\"uagb-ifb-content\"><div class=\"uagb-ifb-title-wrap\"><h1 class=\"uagb-ifb-title\">Google and Facebook Ads<\/h1><\/div><p class=\"uagb-ifb-desc\">We create PPC ads aligned with the customer journey.  <\/p><div class=\"uagb-ifb-button-wrapper wp-block-button\"><a href=\"#digireklaam-teenused\" class=\"uagb-infobox-cta-link wp-block-button__link\" target=\"_self\" rel=\"noopener noreferrer\" onclick=\"return true;\" alt=\"\"><span class=\"uagb-inline-editing\">ask advice<\/span><\/a><\/div><\/div><\/div>\n<\/div>\n\n\n\n<div class=\"wp-block-uagb-container uagb-block-c3afa2f9\">\n<div class=\"wp-block-uagb-image uagb-block-990c5425 wp-block-uagb-image--layout-default wp-block-uagb-image--effect-static wp-block-uagb-image--align-none\"><figure class=\"wp-block-uagb-image__figure\"><img decoding=\"async\" srcset=\"https:\/\/simulacrum.ee\/wp-content\/uploads\/2023\/04\/simulacrum-digital-featured-copy.png \" src=\"https:\/\/simulacrum.ee\/wp-content\/uploads\/2023\/04\/simulacrum-digital-featured-copy.png\" alt=\"\" class=\"uag-image-3064\" title=\"\" loading=\"lazy\"\/><\/figure><\/div>\n<\/div>\n<\/div><\/div>\n\n\n\n<div id=\"digireklaam-teenused\" class=\"wp-block-uagb-container uagb-block-05b20c4e alignfull uagb-is-root-container\"><div class=\"uagb-container-inner-blocks-wrap\">\n<div class=\"wp-block-uagb-advanced-heading uagb-block-5f811184\"><h2 class=\"uagb-heading-text\">Ads - a sure way to accelerate sales<\/h2><\/div>\n\n\n\n<div class=\"wp-block-uagb-container uagb-block-b31e1642\">\n<div class=\"wp-block-uagb-container uagb-block-f1052337\">\n<div class=\"wp-block-uagb-advanced-heading uagb-block-1090a5cf\">\n<h4 class=\"uagb-heading-text\">Google Ads<\/h4>\n<p class=\"uagb-desc-text\">We're on the hunt for keywords that your customers are Googling. We handpick suitable advertising objectives, configure campaigns, and continuously analyze results.&nbsp;<\/p>\n<\/div>\n<\/div>\n\n\n\n<div class=\"wp-block-uagb-container uagb-block-b4055213\">\n<div class=\"wp-block-uagb-advanced-heading uagb-block-32ec8912\">\n<h4 class=\"uagb-heading-text\">Facebook Ads<\/h4>\n<p class=\"uagb-desc-text\">We create effective social media ads, configure campaigns based on the customer journey, and retarget customers who abandon their carts.&nbsp;<\/p>\n<\/div>\n<\/div>\n\n\n\n<div class=\"wp-block-uagb-container uagb-block-548148eb\">\n<div class=\"wp-block-uagb-advanced-heading uagb-block-81af37f2\">\n<h4 class=\"uagb-heading-text\">Custom Ad Configuration<\/h4>\n<p class=\"uagb-desc-text\">Customized ad configuration with customer journey mapping in Google Analytics and Google Tag Manager helps optimize advertising strategies based on valuable customer behavior insights.&nbsp;<\/p>\n<\/div>\n<\/div>\n\n\n\n<div class=\"wp-block-uagb-container uagb-block-a16a6fa3\">\n<div class=\"wp-block-uagb-advanced-heading uagb-block-97254b03\">\n<h4 class=\"uagb-heading-text\">Testing &amp; Optimization<\/h4>\n<p class=\"uagb-desc-text\">With our expert ad creation, precise measurement, and continuous optimization, we can help you maximize the effectiveness of your advertising campaigns and achieve your desired goals.&nbsp;&nbsp;<\/p>\n<\/div>\n<\/div>\n<\/div>\n<\/div><\/div>\n\n\n\n<div class=\"wp-block-uagb-container uagb-block-8bee70bb alignfull uagb-is-root-container\"><div class=\"uagb-container-inner-blocks-wrap\">\n<div class=\"wp-block-uagb-container uagb-block-b0f0a93a\">\n<div class=\"wp-block-uagb-info-box uagb-block-a0e0a15e uagb-infobox__content-wrap  uagb-infobox-icon-above-title uagb-infobox-image-valign-top\"><div class=\"uagb-ifb-content\"><div class=\"uagb-ifb-title-wrap\"><h2 class=\"uagb-ifb-title\">Get further faster.<\/h2><\/div><p class=\"uagb-ifb-desc\">Having good organic visibility is great, but it takes time. The quickest way to reach your customers is by buying ads. <\/p><\/div><\/div>\n<\/div>\n\n\n\n<div class=\"wp-block-uagb-container uagb-block-1e203e8b\">\n<div class=\"wp-block-uagb-buttons uagb-buttons__outer-wrap uagb-btn__default-btn uagb-btn-tablet__default-btn uagb-btn-mobile__default-btn uagb-block-d3aec00a\"><div class=\"uagb-buttons__wrap uagb-buttons-layout-wrap\">\n<div class=\"wp-block-uagb-buttons-child uagb-buttons__outer-wrap uagb-block-2d2c2f70 wp-block-button is-style-outline\"><div class=\"uagb-button__wrapper\"><a class=\"uagb-buttons-repeater wp-block-button__link\" href=\"https:\/\/simulacrum.ee\/en\/contact\/\" onclick=\"return true;\" rel=\"follow noopener\" target=\"_self\"><div class=\"uagb-button__link\">get a quote<\/div><\/a><\/div><\/div>\n<\/div><\/div>\n<\/div>\n<\/div><\/div>","protected":false},"excerpt":{"rendered":"<p>Ole n\u00e4htav Google Ads Otsime m\u00e4rks\u00f5nad, mida Sinu kliendid guugeldavad. Valime sobivad reklaamieesm\u00e4rgid, seadistame kampaaniad ja anal\u00fc\u00fcsime j\u00e4rjepidevalt tulemusi.&nbsp; Facebook Ads Aitame luua sotsiaalmeedias h\u00e4sti toimivaid reklaame. Seadistame reklaamikampaaniad vastavalt klienditeekonnale.&nbsp; Tehnilised seadistused Reklaamide seadistus vastavalt vajadusele, nt ostuteekonna kaardistamine Google Analyticsis ja Google Tag [&hellip;]<\/p>","protected":false},"author":6,"featured_media":2975,"parent":0,"menu_order":0,"comment_status":"closed","ping_status":"closed","template":"","meta":{"inline_featured_image":false,"_uag_custom_page_level_css":"","site-sidebar-layout":"default","site-content-layout":"","ast-site-content-layout":"default","site-content-style":"default","site-sidebar-style":"default","ast-global-header-display":"","ast-banner-title-visibility":"","ast-main-header-display":"","ast-hfb-above-header-display":"","ast-hfb-below-header-display":"","ast-hfb-mobile-header-display":"","site-post-title":"disabled","ast-breadcrumbs-content":"","ast-featured-img":"disabled","footer-sml-layout":"","theme-transparent-header-meta":"","adv-header-id-meta":"","stick-header-meta":"","header-above-stick-meta":"","header-main-stick-meta":"","header-below-stick-meta":"","astra-migrate-meta-layouts":"set","ast-page-background-enabled":"default","ast-page-background-meta":{"desktop":{"background-color":"var(--ast-global-color-4)","background-image":"","background-repeat":"repeat","background-position":"center center","background-size":"auto","background-attachment":"scroll","background-type":"","background-media":"","overlay-type":"","overlay-color":"","overlay-gradient":""},"tablet":{"background-color":"","background-image":"","background-repeat":"repeat","background-position":"center center","background-size":"auto","background-attachment":"scroll","background-type":"","background-media":"","overlay-type":"","overlay-color":"","overlay-gradient":""},"mobile":{"background-color":"","background-image":"","background-repeat":"repeat","background-position":"center center","background-size":"auto","background-attachment":"scroll","background-type":"","background-media":"","overlay-type":"","overlay-color":"","overlay-gradient":""}},"ast-content-background-meta":{"desktop":{"background-color":"var(--ast-global-color-5)","background-image":"","background-repeat":"repeat","background-position":"center center","background-size":"auto","background-attachment":"scroll","background-type":"","background-media":"","overlay-type":"","overlay-color":"","overlay-gradient":""},"tablet":{"background-color":"var(--ast-global-color-5)","background-image":"","background-repeat":"repeat","background-position":"center center","background-size":"auto","background-attachment":"scroll","background-type":"","background-media":"","overlay-type":"","overlay-color":"","overlay-gradient":""},"mobile":{"background-color":"var(--ast-global-color-5)","background-image":"","background-repeat":"repeat","background-position":"center center","background-size":"auto","background-attachment":"scroll","background-type":"","background-media":"","overlay-type":"","overlay-color":"","overlay-gradient":""}},"footnotes":""},"class_list":["post-2911","page","type-page","status-publish","has-post-thumbnail","hentry"],"yoast_head":"<!-- This site is optimized with the Yoast SEO plugin v27.4 - https:\/\/yoast.com\/product\/yoast-seo-wordpress\/ -->\n<title>Digireklaam | Simulacrum Digital<\/title>\n<meta name=\"robots\" content=\"index, follow, max-snippet:-1, max-image-preview:large, max-video-preview:-1\" \/>\n<link rel=\"canonical\" href=\"https:\/\/simulacrum.ee\/en\/ads\/\" \/>\n<meta property=\"og:locale\" content=\"en_GB\" \/>\n<meta property=\"og:type\" content=\"article\" \/>\n<meta property=\"og:title\" content=\"Digireklaam | Simulacrum Digital\" \/>\n<meta property=\"og:description\" content=\"Ole n\u00e4htav Google Ads Otsime m\u00e4rks\u00f5nad, mida Sinu kliendid guugeldavad. Valime sobivad reklaamieesm\u00e4rgid, seadistame kampaaniad ja anal\u00fc\u00fcsime j\u00e4rjepidevalt tulemusi.&nbsp; Facebook Ads Aitame luua sotsiaalmeedias h\u00e4sti toimivaid reklaame. Seadistame reklaamikampaaniad vastavalt klienditeekonnale.&nbsp; Tehnilised seadistused Reklaamide seadistus vastavalt vajadusele, nt ostuteekonna kaardistamine Google Analyticsis ja Google Tag [&hellip;]\" \/>\n<meta property=\"og:url\" content=\"https:\/\/simulacrum.ee\/en\/ads\/\" \/>\n<meta property=\"og:site_name\" content=\"Simulacrum Digital\" \/>\n<meta property=\"article:modified_time\" content=\"2024-01-30T20:33:25+00:00\" \/>\n<meta property=\"og:image\" content=\"https:\/\/simulacrum.ee\/wp-content\/uploads\/2023\/03\/simulacrum-digital-featured-1030x539.png\" \/>\n\t<meta property=\"og:image:width\" content=\"1030\" \/>\n\t<meta property=\"og:image:height\" content=\"539\" \/>\n\t<meta property=\"og:image:type\" content=\"image\/png\" \/>\n<meta name=\"twitter:card\" content=\"summary_large_image\" \/>\n<meta name=\"twitter:site\" content=\"@RenserBerit\" \/>\n<meta name=\"twitter:label1\" content=\"Estimated reading time\" \/>\n\t<meta name=\"twitter:data1\" content=\"1 minute\" \/>\n<script type=\"application\/ld+json\" class=\"yoast-schema-graph\">{\"@context\":\"https:\\\/\\\/schema.org\",\"@graph\":[{\"@type\":\"WebPage\",\"@id\":\"https:\\\/\\\/simulacrum.ee\\\/digireklaam\\\/\",\"url\":\"https:\\\/\\\/simulacrum.ee\\\/digireklaam\\\/\",\"name\":\"Digireklaam | Simulacrum Digital\",\"isPartOf\":{\"@id\":\"https:\\\/\\\/simulacrum.ee\\\/#website\"},\"primaryImageOfPage\":{\"@id\":\"https:\\\/\\\/simulacrum.ee\\\/digireklaam\\\/#primaryimage\"},\"image\":{\"@id\":\"https:\\\/\\\/simulacrum.ee\\\/digireklaam\\\/#primaryimage\"},\"thumbnailUrl\":\"https:\\\/\\\/simulacrum.ee\\\/wp-content\\\/uploads\\\/2023\\\/03\\\/simulacrum-digital-featured.png\",\"datePublished\":\"2023-03-29T19:04:47+00:00\",\"dateModified\":\"2024-01-30T20:33:25+00:00\",\"breadcrumb\":{\"@id\":\"https:\\\/\\\/simulacrum.ee\\\/digireklaam\\\/#breadcrumb\"},\"inLanguage\":\"en-GB\",\"potentialAction\":[{\"@type\":\"ReadAction\",\"target\":[\"https:\\\/\\\/simulacrum.ee\\\/digireklaam\\\/\"]}]},{\"@type\":\"ImageObject\",\"inLanguage\":\"en-GB\",\"@id\":\"https:\\\/\\\/simulacrum.ee\\\/digireklaam\\\/#primaryimage\",\"url\":\"https:\\\/\\\/simulacrum.ee\\\/wp-content\\\/uploads\\\/2023\\\/03\\\/simulacrum-digital-featured.png\",\"contentUrl\":\"https:\\\/\\\/simulacrum.ee\\\/wp-content\\\/uploads\\\/2023\\\/03\\\/simulacrum-digital-featured.png\",\"width\":1200,\"height\":628},{\"@type\":\"BreadcrumbList\",\"@id\":\"https:\\\/\\\/simulacrum.ee\\\/digireklaam\\\/#breadcrumb\",\"itemListElement\":[{\"@type\":\"ListItem\",\"position\":1,\"name\":\"Home\",\"item\":\"https:\\\/\\\/simulacrum.ee\\\/\"},{\"@type\":\"ListItem\",\"position\":2,\"name\":\"Digireklaam\"}]},{\"@type\":\"WebSite\",\"@id\":\"https:\\\/\\\/simulacrum.ee\\\/#website\",\"url\":\"https:\\\/\\\/simulacrum.ee\\\/\",\"name\":\"Simulacrum Digital\",\"description\":\"\",\"publisher\":{\"@id\":\"https:\\\/\\\/simulacrum.ee\\\/#organization\"},\"potentialAction\":[{\"@type\":\"SearchAction\",\"target\":{\"@type\":\"EntryPoint\",\"urlTemplate\":\"https:\\\/\\\/simulacrum.ee\\\/?s={search_term_string}\"},\"query-input\":{\"@type\":\"PropertyValueSpecification\",\"valueRequired\":true,\"valueName\":\"search_term_string\"}}],\"inLanguage\":\"en-GB\"},{\"@type\":\"Organization\",\"@id\":\"https:\\\/\\\/simulacrum.ee\\\/#organization\",\"name\":\"Simulacrum Digital\",\"url\":\"https:\\\/\\\/simulacrum.ee\\\/\",\"logo\":{\"@type\":\"ImageObject\",\"inLanguage\":\"en-GB\",\"@id\":\"https:\\\/\\\/simulacrum.ee\\\/#\\\/schema\\\/logo\\\/image\\\/\",\"url\":\"https:\\\/\\\/simulacrum.ee\\\/wp-content\\\/uploads\\\/2023\\\/01\\\/cropped-20Artboard-3@4x-100-1.jpg\",\"contentUrl\":\"https:\\\/\\\/simulacrum.ee\\\/wp-content\\\/uploads\\\/2023\\\/01\\\/cropped-20Artboard-3@4x-100-1.jpg\",\"width\":512,\"height\":512,\"caption\":\"Simulacrum Digital\"},\"image\":{\"@id\":\"https:\\\/\\\/simulacrum.ee\\\/#\\\/schema\\\/logo\\\/image\\\/\"},\"sameAs\":[\"https:\\\/\\\/x.com\\\/RenserBerit\",\"https:\\\/\\\/www.instagram.com\\\/beritrenser\\\/\",\"https:\\\/\\\/ee.linkedin.com\\\/in\\\/berit-renser-8b57971a0\"]}]}<\/script>\n<!-- \/ Yoast SEO plugin. -->","yoast_head_json":{"title":"Digireklaam | Simulacrum Digital","robots":{"index":"index","follow":"follow","max-snippet":"max-snippet:-1","max-image-preview":"max-image-preview:large","max-video-preview":"max-video-preview:-1"},"canonical":"https:\/\/simulacrum.ee\/en\/ads\/","og_locale":"en_GB","og_type":"article","og_title":"Digireklaam | Simulacrum Digital","og_description":"Ole n\u00e4htav Google Ads Otsime m\u00e4rks\u00f5nad, mida Sinu kliendid guugeldavad. Valime sobivad reklaamieesm\u00e4rgid, seadistame kampaaniad ja anal\u00fc\u00fcsime j\u00e4rjepidevalt tulemusi.&nbsp; Facebook Ads Aitame luua sotsiaalmeedias h\u00e4sti toimivaid reklaame. Seadistame reklaamikampaaniad vastavalt klienditeekonnale.&nbsp; Tehnilised seadistused Reklaamide seadistus vastavalt vajadusele, nt ostuteekonna kaardistamine Google Analyticsis ja Google Tag [&hellip;]","og_url":"https:\/\/simulacrum.ee\/en\/ads\/","og_site_name":"Simulacrum Digital","article_modified_time":"2024-01-30T20:33:25+00:00","og_image":[{"width":1030,"height":539,"url":"https:\/\/simulacrum.ee\/wp-content\/uploads\/2023\/03\/simulacrum-digital-featured-1030x539.png","type":"image\/png"}],"twitter_card":"summary_large_image","twitter_site":"@RenserBerit","twitter_misc":{"Estimated reading time":"1 minute"},"schema":{"@context":"https:\/\/schema.org","@graph":[{"@type":"WebPage","@id":"https:\/\/simulacrum.ee\/digireklaam\/","url":"https:\/\/simulacrum.ee\/digireklaam\/","name":"Digireklaam | Simulacrum Digital","isPartOf":{"@id":"https:\/\/simulacrum.ee\/#website"},"primaryImageOfPage":{"@id":"https:\/\/simulacrum.ee\/digireklaam\/#primaryimage"},"image":{"@id":"https:\/\/simulacrum.ee\/digireklaam\/#primaryimage"},"thumbnailUrl":"https:\/\/simulacrum.ee\/wp-content\/uploads\/2023\/03\/simulacrum-digital-featured.png","datePublished":"2023-03-29T19:04:47+00:00","dateModified":"2024-01-30T20:33:25+00:00","breadcrumb":{"@id":"https:\/\/simulacrum.ee\/digireklaam\/#breadcrumb"},"inLanguage":"en-GB","potentialAction":[{"@type":"ReadAction","target":["https:\/\/simulacrum.ee\/digireklaam\/"]}]},{"@type":"ImageObject","inLanguage":"en-GB","@id":"https:\/\/simulacrum.ee\/digireklaam\/#primaryimage","url":"https:\/\/simulacrum.ee\/wp-content\/uploads\/2023\/03\/simulacrum-digital-featured.png","contentUrl":"https:\/\/simulacrum.ee\/wp-content\/uploads\/2023\/03\/simulacrum-digital-featured.png","width":1200,"height":628},{"@type":"BreadcrumbList","@id":"https:\/\/simulacrum.ee\/digireklaam\/#breadcrumb","itemListElement":[{"@type":"ListItem","position":1,"name":"Home","item":"https:\/\/simulacrum.ee\/"},{"@type":"ListItem","position":2,"name":"Digireklaam"}]},{"@type":"WebSite","@id":"https:\/\/simulacrum.ee\/#website","url":"https:\/\/simulacrum.ee\/","name":"Simulacrum Digital","description":"","publisher":{"@id":"https:\/\/simulacrum.ee\/#organization"},"potentialAction":[{"@type":"SearchAction","target":{"@type":"EntryPoint","urlTemplate":"https:\/\/simulacrum.ee\/?s={search_term_string}"},"query-input":{"@type":"PropertyValueSpecification","valueRequired":true,"valueName":"search_term_string"}}],"inLanguage":"en-GB"},{"@type":"Organization","@id":"https:\/\/simulacrum.ee\/#organization","name":"Simulacrum Digital","url":"https:\/\/simulacrum.ee\/","logo":{"@type":"ImageObject","inLanguage":"en-GB","@id":"https:\/\/simulacrum.ee\/#\/schema\/logo\/image\/","url":"https:\/\/simulacrum.ee\/wp-content\/uploads\/2023\/01\/cropped-20Artboard-3@4x-100-1.jpg","contentUrl":"https:\/\/simulacrum.ee\/wp-content\/uploads\/2023\/01\/cropped-20Artboard-3@4x-100-1.jpg","width":512,"height":512,"caption":"Simulacrum Digital"},"image":{"@id":"https:\/\/simulacrum.ee\/#\/schema\/logo\/image\/"},"sameAs":["https:\/\/x.com\/RenserBerit","https:\/\/www.instagram.com\/beritrenser\/","https:\/\/ee.linkedin.com\/in\/berit-renser-8b57971a0"]}]}},"uagb_featured_image_src":{"full":["https:\/\/simulacrum.ee\/wp-content\/uploads\/2023\/03\/simulacrum-digital-featured.png",1200,628,false],"thumbnail":["https:\/\/simulacrum.ee\/wp-content\/uploads\/2023\/03\/simulacrum-digital-featured-80x80.png",80,80,true],"medium":["https:\/\/simulacrum.ee\/wp-content\/uploads\/2023\/03\/simulacrum-digital-featured-300x157.png",300,157,true],"medium_large":["https:\/\/simulacrum.ee\/wp-content\/uploads\/2023\/03\/simulacrum-digital-featured-768x402.png",768,402,true],"large":["https:\/\/simulacrum.ee\/wp-content\/uploads\/2023\/03\/simulacrum-digital-featured-1030x539.png",1030,539,true],"1536x1536":["https:\/\/simulacrum.ee\/wp-content\/uploads\/2023\/03\/simulacrum-digital-featured.png",1200,628,false],"2048x2048":["https:\/\/simulacrum.ee\/wp-content\/uploads\/2023\/03\/simulacrum-digital-featured.png",1200,628,false],"trp-custom-language-flag":["https:\/\/simulacrum.ee\/wp-content\/uploads\/2023\/03\/simulacrum-digital-featured.png",18,9,false]},"uagb_author_info":{"display_name":"simulacrumdigital","author_link":"https:\/\/simulacrum.ee\/en\/author\/simulacrumdigital\/"},"uagb_comment_info":0,"uagb_excerpt":"Ole n\u00e4htav Google Ads Otsime m\u00e4rks\u00f5nad, mida Sinu kliendid guugeldavad. Valime sobivad reklaamieesm\u00e4rgid, seadistame kampaaniad ja anal\u00fc\u00fcsime j\u00e4rjepidevalt tulemusi.&nbsp; Facebook Ads Aitame luua sotsiaalmeedias h\u00e4sti toimivaid reklaame. Seadistame reklaamikampaaniad vastavalt klienditeekonnale.&nbsp; Tehnilised seadistused Reklaamide seadistus vastavalt vajadusele, nt ostuteekonna kaardistamine Google Analyticsis ja Google Tag [&hellip;]","_links":{"self":[{"href":"https:\/\/simulacrum.ee\/en\/wp-json\/wp\/v2\/pages\/2911","targetHints":{"allow":["GET"]}}],"collection":[{"href":"https:\/\/simulacrum.ee\/en\/wp-json\/wp\/v2\/pages"}],"about":[{"href":"https:\/\/simulacrum.ee\/en\/wp-json\/wp\/v2\/types\/page"}],"author":[{"embeddable":true,"href":"https:\/\/simulacrum.ee\/en\/wp-json\/wp\/v2\/users\/6"}],"replies":[{"embeddable":true,"href":"https:\/\/simulacrum.ee\/en\/wp-json\/wp\/v2\/comments?post=2911"}],"version-history":[{"count":8,"href":"https:\/\/simulacrum.ee\/en\/wp-json\/wp\/v2\/pages\/2911\/revisions"}],"predecessor-version":[{"id":3482,"href":"https:\/\/simulacrum.ee\/en\/wp-json\/wp\/v2\/pages\/2911\/revisions\/3482"}],"wp:featuredmedia":[{"embeddable":true,"href":"https:\/\/simulacrum.ee\/en\/wp-json\/wp\/v2\/media\/2975"}],"wp:attachment":[{"href":"https:\/\/simulacrum.ee\/en\/wp-json\/wp\/v2\/media?parent=2911"}],"curies":[{"name":"wp","href":"https:\/\/api.w.org\/{rel}","templated":true}]}}