{"id":2905,"date":"2023-03-29T21:53:23","date_gmt":"2023-03-29T18:53:23","guid":{"rendered":"https:\/\/simulacrum.ee\/?page_id=2905"},"modified":"2023-04-07T12:48:53","modified_gmt":"2023-04-07T09:48:53","slug":"digiturunduse-strateegia","status":"publish","type":"page","link":"https:\/\/simulacrum.ee\/en\/marketing-strategy\/","title":{"rendered":"Marketing Strategy"},"content":{"rendered":"<div class=\"wp-block-uagb-container uagb-block-68af898c alignfull uagb-is-root-container\"><div class=\"uagb-container-inner-blocks-wrap\">\n<div class=\"wp-block-uagb-container uagb-block-7b1d26f5\">\n<div class=\"wp-block-uagb-info-box uagb-block-36c8ca61 uagb-infobox__content-wrap  uagb-infobox-icon-above-title uagb-infobox-image-valign-top\"><div class=\"uagb-ifb-content\"><div class=\"uagb-ifb-title-wrap\"><h1 class=\"uagb-ifb-title\">Digital Marketing Strategy<\/h1><\/div><p class=\"uagb-ifb-desc\">A marketing campaign without a plan is like wandering blindly in the open sea - you might reach your destination, but you can never be completely sure. <\/p><div class=\"uagb-ifb-button-wrapper wp-block-button\"><a href=\"#teenused\" class=\"uagb-infobox-cta-link wp-block-button__link\" target=\"_self\" rel=\"noopener noreferrer\" onclick=\"return true;\" alt=\"\"><span class=\"uagb-inline-editing\">get a quote<\/span><\/a><\/div><\/div><\/div>\n<\/div>\n\n\n\n<div class=\"wp-block-uagb-container uagb-block-a46db2ff\">\n<div class=\"wp-block-uagb-image uagb-block-4f85c2ff wp-block-uagb-image--layout-default wp-block-uagb-image--effect-static wp-block-uagb-image--align-none\"><figure class=\"wp-block-uagb-image__figure\"><img decoding=\"async\" srcset=\"https:\/\/simulacrum.ee\/wp-content\/uploads\/2023\/04\/simulacrum-digital-featured-copy.png \" src=\"https:\/\/simulacrum.ee\/wp-content\/uploads\/2023\/04\/simulacrum-digital-featured-copy.png\" alt=\"\" class=\"uag-image-3064\" width=\"\" height=\"\" title=\"\" loading=\"lazy\"\/><\/figure><\/div>\n<\/div>\n<\/div><\/div>\n\n\n\n<div id=\"teenused\" class=\"wp-block-uagb-container uagb-block-6f125217 alignfull uagb-is-root-container\"><div class=\"uagb-container-inner-blocks-wrap\">\n<div class=\"wp-block-uagb-advanced-heading uagb-block-08c57036\"><h2 class=\"uagb-heading-text\">Digital Marketing Strategy from A to Z<\/h2><\/div>\n\n\n\n<div class=\"wp-block-uagb-container uagb-block-f990e81c\">\n<div class=\"wp-block-uagb-container uagb-block-e6af66d8\">\n<div class=\"wp-block-uagb-info-box uagb-block-c5822481 uagb-infobox__content-wrap  uagb-infobox-icon-above-title uagb-infobox-image-valign-top\"><div class=\"uagb-ifb-content\"><div class=\"uagb-ifb-title-wrap\"><h5 class=\"uagb-ifb-title\">Crafting a Clear Value Proposition<\/h5><\/div><p class=\"uagb-ifb-desc\">We create a value proposition that clearly distinguishes the service, product or brand from its competitors. We also help articulate the value proposition in an attractive way and effectively reach the intended target audience. <\/p><\/div><\/div>\n\n\n\n<div class=\"wp-block-uagb-info-box uagb-block-bab6acd8 uagb-infobox__content-wrap  uagb-infobox-icon-above-title uagb-infobox-image-valign-top\"><div class=\"uagb-ifb-content\"><div class=\"uagb-ifb-title-wrap\"><h5 class=\"uagb-ifb-title\">Audience Research and Personas Development<\/h5><\/div><p class=\"uagb-ifb-desc\">Before starting marketing efforts, every brand should know who their target audience is. If it's not yet clear, we help identify the target audience based on various digital data. <\/p><\/div><\/div>\n\n\n\n<div class=\"wp-block-uagb-info-box uagb-block-43187ae8 uagb-infobox__content-wrap  uagb-infobox-icon-above-title uagb-infobox-image-valign-top\"><div class=\"uagb-ifb-content\"><div class=\"uagb-ifb-title-wrap\"><h5 class=\"uagb-ifb-title\">Market and Competitor Research<\/h5><\/div><p class=\"uagb-ifb-desc\">By offering a brief insight into competitors and their activities, we help businesses gain a competitive advantage. Our data gathering from public digital sources enables us to identify opportunities in the market and competitive landscape. <\/p><\/div><\/div>\n<\/div>\n\n\n\n<div class=\"wp-block-uagb-container uagb-block-2ef893d7\">\n<div class=\"wp-block-uagb-info-box uagb-block-637ce3b4 uagb-infobox__content-wrap  uagb-infobox-icon-above-title uagb-infobox-image-valign-top\"><div class=\"uagb-ifb-content\"><div class=\"uagb-ifb-title-wrap\"><h5 class=\"uagb-ifb-title\">Discovering the Right Channels<\/h5><\/div><p class=\"uagb-ifb-desc\">Digital marketing can be expensive, so it's important to think carefully before expanding into each channel: how much resources do I have and where should I allocate them? We help find the answer to this question. <\/p><\/div><\/div>\n\n\n\n<div class=\"wp-block-uagb-info-box uagb-block-dc42e38c uagb-infobox__content-wrap  uagb-infobox-icon-above-title uagb-infobox-image-valign-top\"><div class=\"uagb-ifb-content\"><div class=\"uagb-ifb-title-wrap\"><h5 class=\"uagb-ifb-title\">Content strategy<\/h5><\/div><p class=\"uagb-ifb-desc\">We create abstract and concrete content plans that help streamline digital marketing efforts. The plan can be executed by an in-house specialist or we can create the content according to the plan. <\/p><\/div><\/div>\n\n\n\n<div class=\"wp-block-uagb-info-box uagb-block-33b8d636 uagb-infobox__content-wrap  uagb-infobox-icon-above-title uagb-infobox-image-valign-top\"><div class=\"uagb-ifb-content\"><div class=\"uagb-ifb-title-wrap\"><h5 class=\"uagb-ifb-title\">Marketing Metrics and Performance Evaluation<\/h5><\/div><p class=\"uagb-ifb-desc\">Marketing is mathematics. By loving data and analyzing it with a fine-toothed comb. We'll also help set up ways to collect data from various sources to uncover new opportunities for your growth. <\/p><\/div><\/div>\n<\/div>\n<\/div>\n<\/div><\/div>\n\n\n\n<div class=\"wp-block-uagb-container uagb-block-f1865b9a alignfull uagb-is-root-container\"><div class=\"uagb-container-inner-blocks-wrap\">\n<div class=\"wp-block-uagb-container uagb-block-28c025ae\">\n<div class=\"wp-block-uagb-info-box uagb-block-4a041b5d uagb-infobox__content-wrap  uagb-infobox-icon-above-title uagb-infobox-image-valign-top\"><div class=\"uagb-ifb-content\"><div class=\"uagb-ifb-title-wrap\"><h2 class=\"uagb-ifb-title\">Set a Clear Goal in Sight<\/h2><\/div><p class=\"uagb-ifb-desc\">Kui midagi teeme, siis p\u00f5hjalikult. \u00d5pime tundma sinu ettev\u00f5tet ja aitame seada \u00f5iget kurssi. <\/p><\/div><\/div>\n<\/div>\n\n\n\n<div class=\"wp-block-uagb-container uagb-block-968a9c37\">\n<div class=\"wp-block-uagb-buttons uagb-buttons__outer-wrap uagb-btn__default-btn uagb-btn-tablet__default-btn uagb-btn-mobile__default-btn uagb-block-b91e86d7\"><div class=\"uagb-buttons__wrap uagb-buttons-layout-wrap\">\n<div class=\"wp-block-uagb-buttons-child uagb-buttons__outer-wrap uagb-block-a78eed40 wp-block-button is-style-outline\"><div class=\"uagb-button__wrapper\"><a class=\"uagb-buttons-repeater wp-block-button__link\" href=\"https:\/\/simulacrum.ee\/en\/contact\/\" onclick=\"return true;\" rel=\"follow noopener\" target=\"_self\"><div class=\"uagb-button__link\">get a quote<\/div><\/a><\/div><\/div>\n<\/div><\/div>\n<\/div>\n<\/div><\/div>","protected":false},"excerpt":{"rendered":"<p>Digital Marketing Strategy from A to Z<\/p>","protected":false},"author":6,"featured_media":2975,"parent":0,"menu_order":0,"comment_status":"closed","ping_status":"closed","template":"","meta":{"inline_featured_image":false,"_uag_custom_page_level_css":"","site-sidebar-layout":"default","site-content-layout":"","ast-site-content-layout":"","site-content-style":"default","site-sidebar-style":"default","ast-global-header-display":"","ast-banner-title-visibility":"","ast-main-header-display":"","ast-hfb-above-header-display":"","ast-hfb-below-header-display":"","ast-hfb-mobile-header-display":"","site-post-title":"disabled","ast-breadcrumbs-content":"","ast-featured-img":"disabled","footer-sml-layout":"","theme-transparent-header-meta":"","adv-header-id-meta":"","stick-header-meta":"","header-above-stick-meta":"","header-main-stick-meta":"","header-below-stick-meta":"","astra-migrate-meta-layouts":"default","ast-page-background-enabled":"default","ast-page-background-meta":{"desktop":{"background-color":"var(--ast-global-color-4)","background-image":"","background-repeat":"repeat","background-position":"center center","background-size":"auto","background-attachment":"scroll","background-type":"","background-media":"","overlay-type":"","overlay-color":"","overlay-gradient":""},"tablet":{"background-color":"","background-image":"","background-repeat":"repeat","background-position":"center center","background-size":"auto","background-attachment":"scroll","background-type":"","background-media":"","overlay-type":"","overlay-color":"","overlay-gradient":""},"mobile":{"background-color":"","background-image":"","background-repeat":"repeat","background-position":"center center","background-size":"auto","background-attachment":"scroll","background-type":"","background-media":"","overlay-type":"","overlay-color":"","overlay-gradient":""}},"ast-content-background-meta":{"desktop":{"background-color":"var(--ast-global-color-5)","background-image":"","background-repeat":"repeat","background-position":"center center","background-size":"auto","background-attachment":"scroll","background-type":"","background-media":"","overlay-type":"","overlay-color":"","overlay-gradient":""},"tablet":{"background-color":"var(--ast-global-color-5)","background-image":"","background-repeat":"repeat","background-position":"center center","background-size":"auto","background-attachment":"scroll","background-type":"","background-media":"","overlay-type":"","overlay-color":"","overlay-gradient":""},"mobile":{"background-color":"var(--ast-global-color-5)","background-image":"","background-repeat":"repeat","background-position":"center center","background-size":"auto","background-attachment":"scroll","background-type":"","background-media":"","overlay-type":"","overlay-color":"","overlay-gradient":""}},"footnotes":""},"class_list":["post-2905","page","type-page","status-publish","has-post-thumbnail","hentry"],"yoast_head":"<!-- This site is optimized with the Yoast SEO plugin v27.4 - https:\/\/yoast.com\/product\/yoast-seo-wordpress\/ -->\n<title>Digiturunduse strateegia | Turundusstrateegia | Simulacrum Digital<\/title>\n<meta name=\"description\" content=\"Digiturunduse strateegia: turundus ilma plaanita on nagu pime ekslemine ulgumerel - \u00e4kki j\u00f5uad kohale, aga kunagi ei saa p\u00e4ris kindel olla.\" \/>\n<meta name=\"robots\" content=\"index, follow, max-snippet:-1, max-image-preview:large, max-video-preview:-1\" \/>\n<link rel=\"canonical\" href=\"https:\/\/simulacrum.ee\/en\/marketing-strategy\/\" \/>\n<meta property=\"og:locale\" content=\"en_GB\" \/>\n<meta property=\"og:type\" content=\"article\" \/>\n<meta property=\"og:title\" content=\"Digiturunduse strateegia | Turundusstrateegia | Simulacrum Digital\" \/>\n<meta property=\"og:description\" content=\"Digiturunduse strateegia: turundus ilma plaanita on nagu pime ekslemine ulgumerel - \u00e4kki j\u00f5uad kohale, aga kunagi ei saa p\u00e4ris kindel olla.\" \/>\n<meta property=\"og:url\" content=\"https:\/\/simulacrum.ee\/en\/marketing-strategy\/\" \/>\n<meta property=\"og:site_name\" content=\"Simulacrum Digital\" \/>\n<meta property=\"article:modified_time\" content=\"2023-04-07T09:48:53+00:00\" \/>\n<meta property=\"og:image\" content=\"https:\/\/simulacrum.ee\/wp-content\/uploads\/2023\/03\/simulacrum-digital-featured-1030x539.png\" \/>\n\t<meta property=\"og:image:width\" content=\"1030\" \/>\n\t<meta property=\"og:image:height\" content=\"539\" \/>\n\t<meta property=\"og:image:type\" content=\"image\/png\" \/>\n<meta name=\"twitter:card\" content=\"summary_large_image\" \/>\n<meta name=\"twitter:site\" content=\"@RenserBerit\" \/>\n<meta name=\"twitter:label1\" content=\"Estimated reading time\" \/>\n\t<meta name=\"twitter:data1\" content=\"2 minutes\" \/>\n<script type=\"application\/ld+json\" class=\"yoast-schema-graph\">{\"@context\":\"https:\\\/\\\/schema.org\",\"@graph\":[{\"@type\":\"WebPage\",\"@id\":\"https:\\\/\\\/simulacrum.ee\\\/digiturunduse-strateegia\\\/\",\"url\":\"https:\\\/\\\/simulacrum.ee\\\/digiturunduse-strateegia\\\/\",\"name\":\"Digiturunduse strateegia | Turundusstrateegia | Simulacrum Digital\",\"isPartOf\":{\"@id\":\"https:\\\/\\\/simulacrum.ee\\\/#website\"},\"primaryImageOfPage\":{\"@id\":\"https:\\\/\\\/simulacrum.ee\\\/digiturunduse-strateegia\\\/#primaryimage\"},\"image\":{\"@id\":\"https:\\\/\\\/simulacrum.ee\\\/digiturunduse-strateegia\\\/#primaryimage\"},\"thumbnailUrl\":\"https:\\\/\\\/simulacrum.ee\\\/wp-content\\\/uploads\\\/2023\\\/03\\\/simulacrum-digital-featured.png\",\"datePublished\":\"2023-03-29T18:53:23+00:00\",\"dateModified\":\"2023-04-07T09:48:53+00:00\",\"description\":\"Digiturunduse strateegia: turundus ilma plaanita on nagu pime ekslemine ulgumerel - \u00e4kki j\u00f5uad kohale, aga kunagi ei saa p\u00e4ris kindel olla.\",\"breadcrumb\":{\"@id\":\"https:\\\/\\\/simulacrum.ee\\\/digiturunduse-strateegia\\\/#breadcrumb\"},\"inLanguage\":\"en-GB\",\"potentialAction\":[{\"@type\":\"ReadAction\",\"target\":[\"https:\\\/\\\/simulacrum.ee\\\/digiturunduse-strateegia\\\/\"]}]},{\"@type\":\"ImageObject\",\"inLanguage\":\"en-GB\",\"@id\":\"https:\\\/\\\/simulacrum.ee\\\/digiturunduse-strateegia\\\/#primaryimage\",\"url\":\"https:\\\/\\\/simulacrum.ee\\\/wp-content\\\/uploads\\\/2023\\\/03\\\/simulacrum-digital-featured.png\",\"contentUrl\":\"https:\\\/\\\/simulacrum.ee\\\/wp-content\\\/uploads\\\/2023\\\/03\\\/simulacrum-digital-featured.png\",\"width\":1200,\"height\":628},{\"@type\":\"BreadcrumbList\",\"@id\":\"https:\\\/\\\/simulacrum.ee\\\/digiturunduse-strateegia\\\/#breadcrumb\",\"itemListElement\":[{\"@type\":\"ListItem\",\"position\":1,\"name\":\"Home\",\"item\":\"https:\\\/\\\/simulacrum.ee\\\/\"},{\"@type\":\"ListItem\",\"position\":2,\"name\":\"Turundusstrateegia\"}]},{\"@type\":\"WebSite\",\"@id\":\"https:\\\/\\\/simulacrum.ee\\\/#website\",\"url\":\"https:\\\/\\\/simulacrum.ee\\\/\",\"name\":\"Simulacrum Digital\",\"description\":\"\",\"publisher\":{\"@id\":\"https:\\\/\\\/simulacrum.ee\\\/#organization\"},\"potentialAction\":[{\"@type\":\"SearchAction\",\"target\":{\"@type\":\"EntryPoint\",\"urlTemplate\":\"https:\\\/\\\/simulacrum.ee\\\/?s={search_term_string}\"},\"query-input\":{\"@type\":\"PropertyValueSpecification\",\"valueRequired\":true,\"valueName\":\"search_term_string\"}}],\"inLanguage\":\"en-GB\"},{\"@type\":\"Organization\",\"@id\":\"https:\\\/\\\/simulacrum.ee\\\/#organization\",\"name\":\"Simulacrum Digital\",\"url\":\"https:\\\/\\\/simulacrum.ee\\\/\",\"logo\":{\"@type\":\"ImageObject\",\"inLanguage\":\"en-GB\",\"@id\":\"https:\\\/\\\/simulacrum.ee\\\/#\\\/schema\\\/logo\\\/image\\\/\",\"url\":\"https:\\\/\\\/simulacrum.ee\\\/wp-content\\\/uploads\\\/2023\\\/01\\\/cropped-20Artboard-3@4x-100-1.jpg\",\"contentUrl\":\"https:\\\/\\\/simulacrum.ee\\\/wp-content\\\/uploads\\\/2023\\\/01\\\/cropped-20Artboard-3@4x-100-1.jpg\",\"width\":512,\"height\":512,\"caption\":\"Simulacrum Digital\"},\"image\":{\"@id\":\"https:\\\/\\\/simulacrum.ee\\\/#\\\/schema\\\/logo\\\/image\\\/\"},\"sameAs\":[\"https:\\\/\\\/x.com\\\/RenserBerit\",\"https:\\\/\\\/www.instagram.com\\\/beritrenser\\\/\",\"https:\\\/\\\/ee.linkedin.com\\\/in\\\/berit-renser-8b57971a0\"]}]}<\/script>\n<!-- \/ Yoast SEO plugin. -->","yoast_head_json":{"title":"Digiturunduse strateegia | Turundusstrateegia | Simulacrum Digital","description":"Digiturunduse strateegia: turundus ilma plaanita on nagu pime ekslemine ulgumerel - \u00e4kki j\u00f5uad kohale, aga kunagi ei saa p\u00e4ris kindel olla.","robots":{"index":"index","follow":"follow","max-snippet":"max-snippet:-1","max-image-preview":"max-image-preview:large","max-video-preview":"max-video-preview:-1"},"canonical":"https:\/\/simulacrum.ee\/en\/marketing-strategy\/","og_locale":"en_GB","og_type":"article","og_title":"Digiturunduse strateegia | Turundusstrateegia | Simulacrum Digital","og_description":"Digiturunduse strateegia: turundus ilma plaanita on nagu pime ekslemine ulgumerel - \u00e4kki j\u00f5uad kohale, aga kunagi ei saa p\u00e4ris kindel olla.","og_url":"https:\/\/simulacrum.ee\/en\/marketing-strategy\/","og_site_name":"Simulacrum Digital","article_modified_time":"2023-04-07T09:48:53+00:00","og_image":[{"width":1030,"height":539,"url":"https:\/\/simulacrum.ee\/wp-content\/uploads\/2023\/03\/simulacrum-digital-featured-1030x539.png","type":"image\/png"}],"twitter_card":"summary_large_image","twitter_site":"@RenserBerit","twitter_misc":{"Estimated reading time":"2 minutes"},"schema":{"@context":"https:\/\/schema.org","@graph":[{"@type":"WebPage","@id":"https:\/\/simulacrum.ee\/digiturunduse-strateegia\/","url":"https:\/\/simulacrum.ee\/digiturunduse-strateegia\/","name":"Digiturunduse strateegia | Turundusstrateegia | Simulacrum Digital","isPartOf":{"@id":"https:\/\/simulacrum.ee\/#website"},"primaryImageOfPage":{"@id":"https:\/\/simulacrum.ee\/digiturunduse-strateegia\/#primaryimage"},"image":{"@id":"https:\/\/simulacrum.ee\/digiturunduse-strateegia\/#primaryimage"},"thumbnailUrl":"https:\/\/simulacrum.ee\/wp-content\/uploads\/2023\/03\/simulacrum-digital-featured.png","datePublished":"2023-03-29T18:53:23+00:00","dateModified":"2023-04-07T09:48:53+00:00","description":"Digiturunduse strateegia: turundus ilma plaanita on nagu pime ekslemine ulgumerel - \u00e4kki j\u00f5uad kohale, aga kunagi ei saa p\u00e4ris kindel olla.","breadcrumb":{"@id":"https:\/\/simulacrum.ee\/digiturunduse-strateegia\/#breadcrumb"},"inLanguage":"en-GB","potentialAction":[{"@type":"ReadAction","target":["https:\/\/simulacrum.ee\/digiturunduse-strateegia\/"]}]},{"@type":"ImageObject","inLanguage":"en-GB","@id":"https:\/\/simulacrum.ee\/digiturunduse-strateegia\/#primaryimage","url":"https:\/\/simulacrum.ee\/wp-content\/uploads\/2023\/03\/simulacrum-digital-featured.png","contentUrl":"https:\/\/simulacrum.ee\/wp-content\/uploads\/2023\/03\/simulacrum-digital-featured.png","width":1200,"height":628},{"@type":"BreadcrumbList","@id":"https:\/\/simulacrum.ee\/digiturunduse-strateegia\/#breadcrumb","itemListElement":[{"@type":"ListItem","position":1,"name":"Home","item":"https:\/\/simulacrum.ee\/"},{"@type":"ListItem","position":2,"name":"Turundusstrateegia"}]},{"@type":"WebSite","@id":"https:\/\/simulacrum.ee\/#website","url":"https:\/\/simulacrum.ee\/","name":"Simulacrum Digital","description":"","publisher":{"@id":"https:\/\/simulacrum.ee\/#organization"},"potentialAction":[{"@type":"SearchAction","target":{"@type":"EntryPoint","urlTemplate":"https:\/\/simulacrum.ee\/?s={search_term_string}"},"query-input":{"@type":"PropertyValueSpecification","valueRequired":true,"valueName":"search_term_string"}}],"inLanguage":"en-GB"},{"@type":"Organization","@id":"https:\/\/simulacrum.ee\/#organization","name":"Simulacrum Digital","url":"https:\/\/simulacrum.ee\/","logo":{"@type":"ImageObject","inLanguage":"en-GB","@id":"https:\/\/simulacrum.ee\/#\/schema\/logo\/image\/","url":"https:\/\/simulacrum.ee\/wp-content\/uploads\/2023\/01\/cropped-20Artboard-3@4x-100-1.jpg","contentUrl":"https:\/\/simulacrum.ee\/wp-content\/uploads\/2023\/01\/cropped-20Artboard-3@4x-100-1.jpg","width":512,"height":512,"caption":"Simulacrum Digital"},"image":{"@id":"https:\/\/simulacrum.ee\/#\/schema\/logo\/image\/"},"sameAs":["https:\/\/x.com\/RenserBerit","https:\/\/www.instagram.com\/beritrenser\/","https:\/\/ee.linkedin.com\/in\/berit-renser-8b57971a0"]}]}},"uagb_featured_image_src":{"full":["https:\/\/simulacrum.ee\/wp-content\/uploads\/2023\/03\/simulacrum-digital-featured.png",1200,628,false],"thumbnail":["https:\/\/simulacrum.ee\/wp-content\/uploads\/2023\/03\/simulacrum-digital-featured-80x80.png",80,80,true],"medium":["https:\/\/simulacrum.ee\/wp-content\/uploads\/2023\/03\/simulacrum-digital-featured-300x157.png",300,157,true],"medium_large":["https:\/\/simulacrum.ee\/wp-content\/uploads\/2023\/03\/simulacrum-digital-featured-768x402.png",768,402,true],"large":["https:\/\/simulacrum.ee\/wp-content\/uploads\/2023\/03\/simulacrum-digital-featured-1030x539.png",1030,539,true],"1536x1536":["https:\/\/simulacrum.ee\/wp-content\/uploads\/2023\/03\/simulacrum-digital-featured.png",1200,628,false],"2048x2048":["https:\/\/simulacrum.ee\/wp-content\/uploads\/2023\/03\/simulacrum-digital-featured.png",1200,628,false],"trp-custom-language-flag":["https:\/\/simulacrum.ee\/wp-content\/uploads\/2023\/03\/simulacrum-digital-featured.png",18,9,false]},"uagb_author_info":{"display_name":"simulacrumdigital","author_link":"https:\/\/simulacrum.ee\/en\/author\/simulacrumdigital\/"},"uagb_comment_info":0,"uagb_excerpt":"Digiturunduse strateegia A &#8211; Z","_links":{"self":[{"href":"https:\/\/simulacrum.ee\/en\/wp-json\/wp\/v2\/pages\/2905","targetHints":{"allow":["GET"]}}],"collection":[{"href":"https:\/\/simulacrum.ee\/en\/wp-json\/wp\/v2\/pages"}],"about":[{"href":"https:\/\/simulacrum.ee\/en\/wp-json\/wp\/v2\/types\/page"}],"author":[{"embeddable":true,"href":"https:\/\/simulacrum.ee\/en\/wp-json\/wp\/v2\/users\/6"}],"replies":[{"embeddable":true,"href":"https:\/\/simulacrum.ee\/en\/wp-json\/wp\/v2\/comments?post=2905"}],"version-history":[{"count":17,"href":"https:\/\/simulacrum.ee\/en\/wp-json\/wp\/v2\/pages\/2905\/revisions"}],"predecessor-version":[{"id":3124,"href":"https:\/\/simulacrum.ee\/en\/wp-json\/wp\/v2\/pages\/2905\/revisions\/3124"}],"wp:featuredmedia":[{"embeddable":true,"href":"https:\/\/simulacrum.ee\/en\/wp-json\/wp\/v2\/media\/2975"}],"wp:attachment":[{"href":"https:\/\/simulacrum.ee\/en\/wp-json\/wp\/v2\/media?parent=2905"}],"curies":[{"name":"wp","href":"https:\/\/api.w.org\/{rel}","templated":true}]}}