{"id":1488,"date":"2022-03-04T03:42:59","date_gmt":"2022-03-04T03:42:59","guid":{"rendered":"https:\/\/simulacrum.ee\/home\/"},"modified":"2024-01-30T22:31:48","modified_gmt":"2024-01-30T20:31:48","slug":"digiturunduse-agentuur","status":"publish","type":"page","link":"https:\/\/simulacrum.ee\/en\/","title":{"rendered":"Avaleht"},"content":{"rendered":"<div class=\"wp-block-uagb-container uagb-block-556fbcc4 alignfull uagb-is-root-container\"><div class=\"uagb-container-inner-blocks-wrap\">\n<div class=\"wp-block-uagb-container uagb-block-20b21a60\">\n<div class=\"wp-block-uagb-info-box uagb-block-dc262b57 uagb-infobox__content-wrap  uagb-infobox-icon-above-title uagb-infobox-image-valign-top\"><div class=\"uagb-ifb-content\"><div class=\"uagb-ifb-title-wrap\"><h1 class=\"uagb-ifb-title\">Conquer Digital Landscapes<\/h1><\/div><p class=\"uagb-ifb-desc\">We are a digital marketing agency that helps you take conscious steps towards growing your brand. <\/p><div class=\"uagb-ifb-button-wrapper wp-block-button\"><a href=\"https:\/\/simulacrum.ee\/en\/contact\/\" class=\"uagb-infobox-cta-link wp-block-button__link\" target=\"_self\" rel=\"noopener noreferrer\" onclick=\"return true;\" alt=\"\"><span class=\"uagb-inline-editing\">Contact us<\/span><\/a><\/div><\/div><\/div>\n<\/div>\n<\/div><\/div>\n\n\n\n<div id=\"teenused\" class=\"wp-block-uagb-container uagb-block-838ea440 alignfull uagb-is-root-container\"><div class=\"uagb-container-inner-blocks-wrap\">\n<div class=\"wp-block-uagb-advanced-heading uagb-block-3316e23b\"><h2 class=\"uagb-heading-text\">Accelerate growth <br>with our expert help<\/h2><p class=\"uagb-desc-text\">Digital marketing agency that you can count on. <\/p><\/div>\n\n\n\n<div class=\"wp-block-uagb-container uagb-block-e2c6e2a1\">\n<div class=\"wp-block-uagb-container uagb-block-fb24a315\">\n<div class=\"wp-block-uagb-info-box uagb-block-8e98e48c uagb-infobox__content-wrap  uagb-infobox-icon-above-title uagb-infobox-image-valign-top\"><div class=\"uagb-ifb-content\"><div class=\"uagb-ifb-icon-wrap\"><svg xmlns=\"https:\/\/www.w3.org\/2000\/svg\" viewbox=\"0 0 512 512\"><path d=\"M490.3 40.4C512.2 62.27 512.2 97.73 490.3 119.6L460.3 149.7L362.3 51.72L392.4 21.66C414.3-.2135 449.7-.2135 471.6 21.66L490.3 40.4zM172.4 241.7L339.7 74.34L437.7 172.3L270.3 339.6C264.2 345.8 256.7 350.4 248.4 353.2L159.6 382.8C150.1 385.6 141.5 383.4 135 376.1C128.6 370.5 126.4 361 129.2 352.4L158.8 263.6C161.6 255.3 166.2 247.8 172.4 241.7V241.7zM192 63.1C209.7 63.1 224 78.33 224 95.1C224 113.7 209.7 127.1 192 127.1H96C78.33 127.1 64 142.3 64 159.1V416C64 433.7 78.33 448 96 448H352C369.7 448 384 433.7 384 416V319.1C384 302.3 398.3 287.1 416 287.1C433.7 287.1 448 302.3 448 319.1V416C448 469 405 512 352 512H96C42.98 512 0 469 0 416V159.1C0 106.1 42.98 63.1 96 63.1H192z\"><\/path><\/svg><\/div><div class=\"uagb-ifb-title-wrap\"><h4 class=\"uagb-ifb-title\"><strong>Copywriting<\/strong> &amp; Content Creation<\/h4><\/div><p class=\"uagb-ifb-desc\">We craft written pieces that embody your brand's essence. Whether it's for your website, social media, newsletters, or even a newspaper, we cater to various formats. <\/p><\/div><\/div>\n<\/div>\n\n\n\n<div class=\"wp-block-uagb-container uagb-block-38c72222\">\n<div class=\"wp-block-uagb-info-box uagb-block-fa0f2d38 uagb-infobox__content-wrap  uagb-infobox-icon-above-title uagb-infobox-image-valign-top\"><div class=\"uagb-ifb-content\"><div class=\"uagb-ifb-icon-wrap\"><svg xmlns=\"https:\/\/www.w3.org\/2000\/svg\" viewbox=\"0 0 576 512\"><path d=\"M128 160C128 142.3 142.3 128 160 128H288C305.7 128 320 142.3 320 160V256C320 273.7 305.7 288 288 288H160C142.3 288 128 273.7 128 256V160zM288 320C323.3 320 352 291.3 352 256V224H416C433.7 224 448 238.3 448 256V352C448 369.7 433.7 384 416 384H288C270.3 384 256 369.7 256 352V320H288zM32 119.4C12.87 108.4 0 87.69 0 64C0 28.65 28.65 0 64 0C87.69 0 108.4 12.87 119.4 32H456.6C467.6 12.87 488.3 0 512 0C547.3 0 576 28.65 576 64C576 87.69 563.1 108.4 544 119.4V392.6C563.1 403.6 576 424.3 576 448C576 483.3 547.3 512 512 512C488.3 512 467.6 499.1 456.6 480H119.4C108.4 499.1 87.69 512 64 512C28.65 512 0 483.3 0 448C0 424.3 12.87 403.6 32 392.6V119.4zM119.4 96C113.8 105.7 105.7 113.8 96 119.4V392.6C105.7 398.2 113.8 406.3 119.4 416H456.6C462.2 406.3 470.3 398.2 480 392.6V119.4C470.3 113.8 462.2 105.7 456.6 96H119.4z\"><\/path><\/svg><\/div><div class=\"uagb-ifb-title-wrap\"><h4 class=\"uagb-ifb-title\"><strong><strong>Web development<\/strong><\/strong><\/h4><\/div><p class=\"uagb-ifb-desc\">Collaborating with designers, we build eye-catching websites that are easy for you to manage. We ensure that you'll never be left stranded, as we handle any issues that may arise in the future. <\/p><\/div><\/div>\n<\/div>\n\n\n\n<div class=\"wp-block-uagb-container uagb-block-10256f8d\">\n<div class=\"wp-block-uagb-info-box uagb-block-1b27b352 uagb-infobox__content-wrap  uagb-infobox-icon-above-title uagb-infobox-image-valign-top\"><div class=\"uagb-ifb-content\"><div class=\"uagb-ifb-icon-wrap\"><svg xmlns=\"https:\/\/www.w3.org\/2000\/svg\" viewbox=\"0 0 512 512\"><path d=\"M511.6 36.86l-64 415.1c-1.5 9.734-7.375 18.22-15.97 23.05c-4.844 2.719-10.27 4.097-15.68 4.097c-4.188 0-8.319-.8154-12.29-2.472l-122.6-51.1l-50.86 76.29C226.3 508.5 219.8 512 212.8 512C201.3 512 192 502.7 192 491.2v-96.18c0-7.115 2.372-14.03 6.742-19.64L416 96l-293.7 264.3L19.69 317.5C8.438 312.8 .8125 302.2 .0625 289.1s5.469-23.72 16.06-29.77l448-255.1c10.69-6.109 23.88-5.547 34 1.406S513.5 24.72 511.6 36.86z\"><\/path><\/svg><\/div><div class=\"uagb-ifb-title-wrap\"><h4 class=\"uagb-ifb-title\">Marketing strategy<\/h4><\/div><p class=\"uagb-ifb-desc\">Every marketing effort must stem from a comprehensive plan. We assist in planning sales funnels and constructing them for both your website and marketing strategy. <\/p><\/div><\/div>\n<\/div>\n<\/div>\n\n\n\n<div class=\"wp-block-uagb-container uagb-block-7c8b8605\">\n<div class=\"wp-block-uagb-container uagb-block-5081265d\">\n<div class=\"wp-block-uagb-info-box uagb-block-cf89afdb uagb-infobox__content-wrap  uagb-infobox-icon-above-title uagb-infobox-image-valign-top\"><div class=\"uagb-ifb-content\"><div class=\"uagb-ifb-icon-wrap\"><svg xmlns=\"https:\/\/www.w3.org\/2000\/svg\" viewbox=\"0 0 384 512\"><path d=\"M112.1 454.3c0 6.297 1.816 12.44 5.284 17.69l17.14 25.69c5.25 7.875 17.17 14.28 26.64 14.28h61.67c9.438 0 21.36-6.401 26.61-14.28l17.08-25.68c2.938-4.438 5.348-12.37 5.348-17.7L272 415.1h-160L112.1 454.3zM191.4 .0132C89.44 .3257 16 82.97 16 175.1c0 44.38 16.44 84.84 43.56 115.8c16.53 18.84 42.34 58.23 52.22 91.45c.0313 .25 .0938 .5166 .125 .7823h160.2c.0313-.2656 .0938-.5166 .125-.7823c9.875-33.22 35.69-72.61 52.22-91.45C351.6 260.8 368 220.4 368 175.1C368 78.61 288.9-.2837 191.4 .0132zM192 96.01c-44.13 0-80 35.89-80 79.1C112 184.8 104.8 192 96 192S80 184.8 80 176c0-61.76 50.25-111.1 112-111.1c8.844 0 16 7.159 16 16S200.8 96.01 192 96.01z\"><\/path><\/svg><\/div><div class=\"uagb-ifb-title-wrap\"><h4 class=\"uagb-ifb-title\"><strong><strong>Google and Facebook Ads<\/strong><\/strong><\/h4><\/div><p class=\"uagb-ifb-desc\">The A and Z of digital marketing - we gather marketing analytics and optimize ads to locate your most potential buyers. <\/p><\/div><\/div>\n<\/div>\n\n\n\n<div class=\"wp-block-uagb-container uagb-block-0779bce1\">\n<div class=\"wp-block-uagb-info-box uagb-block-f866f144 uagb-infobox__content-wrap  uagb-infobox-icon-above-title uagb-infobox-image-valign-top\"><div class=\"uagb-ifb-content\"><div class=\"uagb-ifb-icon-wrap\"><svg xmlns=\"https:\/\/www.w3.org\/2000\/svg\" viewbox=\"0 0 576 512\"><path d=\"M512 32C547.3 32 576 60.65 576 96V128H0V96C0 60.65 28.65 32 64 32H512zM576 416C576 451.3 547.3 480 512 480H64C28.65 480 0 451.3 0 416V224H576V416zM112 352C103.2 352 96 359.2 96 368C96 376.8 103.2 384 112 384H176C184.8 384 192 376.8 192 368C192 359.2 184.8 352 176 352H112zM240 384H368C376.8 384 384 376.8 384 368C384 359.2 376.8 352 368 352H240C231.2 352 224 359.2 224 368C224 376.8 231.2 384 240 384z\"><\/path><\/svg><\/div><div class=\"uagb-ifb-title-wrap\"><h4 class=\"uagb-ifb-title\"><strong><strong><strong>SEO<\/strong><\/strong><\/strong><\/h4><\/div><p class=\"uagb-ifb-desc\">In today's competition, simply relying on a few keywords won't suffice for boosting Google visibility. We need to perform both technical and substantive SEO on our website, involving skilled web developers and copywriters in the process. <\/p><\/div><\/div>\n<\/div>\n\n\n\n<div class=\"wp-block-uagb-container uagb-block-cb90d176\">\n<div class=\"wp-block-uagb-info-box uagb-block-230d7ca0 uagb-infobox__content-wrap  uagb-infobox-icon-above-title uagb-infobox-image-valign-top\"><div class=\"uagb-ifb-content\"><div class=\"uagb-ifb-icon-wrap\"><svg xmlns=\"https:\/\/www.w3.org\/2000\/svg\" viewbox=\"0 0 512 512\"><path d=\"M256 0C114.6 0 0 114.6 0 256s114.6 256 256 256s256-114.6 256-256S397.4 0 256 0zM256 128c39.77 0 72 32.24 72 72S295.8 272 256 272c-39.76 0-72-32.24-72-72S216.2 128 256 128zM256 448c-52.93 0-100.9-21.53-135.7-56.29C136.5 349.9 176.5 320 224 320h64c47.54 0 87.54 29.88 103.7 71.71C356.9 426.5 308.9 448 256 448z\"><\/path><\/svg><\/div><div class=\"uagb-ifb-title-wrap\"><h4 class=\"uagb-ifb-title\"><strong>PR <\/strong><\/h4><\/div><p class=\"uagb-ifb-desc\">We'll help your company reach a broader audience in the media. We'll craft a media plan, draft compelling press releases, and refine your message to capture the interest of journalists. <\/p><\/div><\/div>\n<\/div>\n<\/div>\n<\/div><\/div>","protected":false},"excerpt":{"rendered":"<p>Toetame sinu ettev\u00f5tte kasvu Digiturunduse agentuur, millele v\u00f5ib loota.<\/p>","protected":false},"author":6,"featured_media":2975,"parent":0,"menu_order":0,"comment_status":"closed","ping_status":"closed","template":"","meta":{"inline_featured_image":false,"_uag_custom_page_level_css":"","site-sidebar-layout":"no-sidebar","site-content-layout":"page-builder","ast-site-content-layout":"full-width-container","site-content-style":"unboxed","site-sidebar-style":"unboxed","ast-global-header-display":"","ast-banner-title-visibility":"","ast-main-header-display":"","ast-hfb-above-header-display":"","ast-hfb-below-header-display":"","ast-hfb-mobile-header-display":"","site-post-title":"disabled","ast-breadcrumbs-content":"","ast-featured-img":"disabled","footer-sml-layout":"","theme-transparent-header-meta":"enabled","adv-header-id-meta":"","stick-header-meta":"enabled","header-above-stick-meta":"","header-main-stick-meta":"disabled","header-below-stick-meta":"","astra-migrate-meta-layouts":"set","ast-page-background-enabled":"default","ast-page-background-meta":{"desktop":{"background-color":"var(--ast-global-color-4)","background-image":"","background-repeat":"repeat","background-position":"center center","background-size":"auto","background-attachment":"scroll","background-type":"","background-media":"","overlay-type":"","overlay-color":"","overlay-gradient":""},"tablet":{"background-color":"","background-image":"","background-repeat":"repeat","background-position":"center center","background-size":"auto","background-attachment":"scroll","background-type":"","background-media":"","overlay-type":"","overlay-color":"","overlay-gradient":""},"mobile":{"background-color":"","background-image":"","background-repeat":"repeat","background-position":"center center","background-size":"auto","background-attachment":"scroll","background-type":"","background-media":"","overlay-type":"","overlay-color":"","overlay-gradient":""}},"ast-content-background-meta":{"desktop":{"background-color":"var(--ast-global-color-5)","background-image":"","background-repeat":"repeat","background-position":"center center","background-size":"auto","background-attachment":"scroll","background-type":"","background-media":"","overlay-type":"","overlay-color":"","overlay-gradient":""},"tablet":{"background-color":"var(--ast-global-color-5)","background-image":"","background-repeat":"repeat","background-position":"center center","background-size":"auto","background-attachment":"scroll","background-type":"","background-media":"","overlay-type":"","overlay-color":"","overlay-gradient":""},"mobile":{"background-color":"var(--ast-global-color-5)","background-image":"","background-repeat":"repeat","background-position":"center center","background-size":"auto","background-attachment":"scroll","background-type":"","background-media":"","overlay-type":"","overlay-color":"","overlay-gradient":""}},"footnotes":""},"class_list":["post-1488","page","type-page","status-publish","has-post-thumbnail","hentry"],"yoast_head":"<!-- This site is optimized with the Yoast SEO plugin v27.4 - https:\/\/yoast.com\/product\/yoast-seo-wordpress\/ -->\n<title>Digiturunduse agentuur | Strateegiast tehnoloogiani | Simulacrum<\/title>\n<meta name=\"description\" content=\"Digiturunduse agentuur, millele v\u00f5ib loota. Oleme p\u00fchendunud oma klientide tulemuste kasvatamisele. V\u00f5ta \u00fchendust, liigutame sinu m\u00e4gesid.\" \/>\n<meta name=\"robots\" content=\"index, follow, max-snippet:-1, max-image-preview:large, max-video-preview:-1\" \/>\n<link rel=\"canonical\" href=\"https:\/\/simulacrum.ee\/en\/\" \/>\n<meta property=\"og:locale\" content=\"en_GB\" \/>\n<meta property=\"og:type\" content=\"article\" \/>\n<meta property=\"og:title\" content=\"Digiturunduse agentuur | Strateegiast tehnoloogiani | Simulacrum\" \/>\n<meta property=\"og:description\" content=\"Digiturunduse agentuur, millele v\u00f5ib loota. Oleme p\u00fchendunud oma klientide tulemuste kasvatamisele. V\u00f5ta \u00fchendust, liigutame sinu m\u00e4gesid.\" \/>\n<meta property=\"og:url\" content=\"https:\/\/simulacrum.ee\/en\/\" \/>\n<meta property=\"og:site_name\" content=\"Simulacrum Digital\" \/>\n<meta property=\"article:modified_time\" content=\"2024-01-30T20:31:48+00:00\" \/>\n<meta property=\"og:image\" content=\"https:\/\/simulacrum.ee\/wp-content\/uploads\/2023\/03\/simulacrum-digital-featured-1030x539.png\" \/>\n\t<meta property=\"og:image:width\" content=\"1030\" \/>\n\t<meta property=\"og:image:height\" content=\"539\" \/>\n\t<meta property=\"og:image:type\" content=\"image\/png\" \/>\n<meta name=\"twitter:card\" content=\"summary_large_image\" \/>\n<meta name=\"twitter:site\" content=\"@RenserBerit\" \/>\n<meta name=\"twitter:label1\" content=\"Estimated reading time\" \/>\n\t<meta name=\"twitter:data1\" content=\"1 minute\" \/>\n<script type=\"application\/ld+json\" class=\"yoast-schema-graph\">{\"@context\":\"https:\\\/\\\/schema.org\",\"@graph\":[{\"@type\":\"WebPage\",\"@id\":\"https:\\\/\\\/simulacrum.ee\\\/\",\"url\":\"https:\\\/\\\/simulacrum.ee\\\/\",\"name\":\"Digiturunduse agentuur | Strateegiast tehnoloogiani | Simulacrum\",\"isPartOf\":{\"@id\":\"https:\\\/\\\/simulacrum.ee\\\/#website\"},\"primaryImageOfPage\":{\"@id\":\"https:\\\/\\\/simulacrum.ee\\\/#primaryimage\"},\"image\":{\"@id\":\"https:\\\/\\\/simulacrum.ee\\\/#primaryimage\"},\"thumbnailUrl\":\"https:\\\/\\\/simulacrum.ee\\\/wp-content\\\/uploads\\\/2023\\\/03\\\/simulacrum-digital-featured.png\",\"datePublished\":\"2022-03-04T03:42:59+00:00\",\"dateModified\":\"2024-01-30T20:31:48+00:00\",\"description\":\"Digiturunduse agentuur, millele v\u00f5ib loota. Oleme p\u00fchendunud oma klientide tulemuste kasvatamisele. V\u00f5ta \u00fchendust, liigutame sinu m\u00e4gesid.\",\"breadcrumb\":{\"@id\":\"https:\\\/\\\/simulacrum.ee\\\/#breadcrumb\"},\"inLanguage\":\"en-GB\",\"potentialAction\":[{\"@type\":\"ReadAction\",\"target\":[\"https:\\\/\\\/simulacrum.ee\\\/\"]}]},{\"@type\":\"ImageObject\",\"inLanguage\":\"en-GB\",\"@id\":\"https:\\\/\\\/simulacrum.ee\\\/#primaryimage\",\"url\":\"https:\\\/\\\/simulacrum.ee\\\/wp-content\\\/uploads\\\/2023\\\/03\\\/simulacrum-digital-featured.png\",\"contentUrl\":\"https:\\\/\\\/simulacrum.ee\\\/wp-content\\\/uploads\\\/2023\\\/03\\\/simulacrum-digital-featured.png\",\"width\":1200,\"height\":628},{\"@type\":\"BreadcrumbList\",\"@id\":\"https:\\\/\\\/simulacrum.ee\\\/#breadcrumb\",\"itemListElement\":[{\"@type\":\"ListItem\",\"position\":1,\"name\":\"Home\",\"item\":\"https:\\\/\\\/simulacrum.ee\\\/\"},{\"@type\":\"ListItem\",\"position\":2,\"name\":\"Avaleht\"}]},{\"@type\":\"WebSite\",\"@id\":\"https:\\\/\\\/simulacrum.ee\\\/#website\",\"url\":\"https:\\\/\\\/simulacrum.ee\\\/\",\"name\":\"Simulacrum Digital\",\"description\":\"\",\"publisher\":{\"@id\":\"https:\\\/\\\/simulacrum.ee\\\/#organization\"},\"potentialAction\":[{\"@type\":\"SearchAction\",\"target\":{\"@type\":\"EntryPoint\",\"urlTemplate\":\"https:\\\/\\\/simulacrum.ee\\\/?s={search_term_string}\"},\"query-input\":{\"@type\":\"PropertyValueSpecification\",\"valueRequired\":true,\"valueName\":\"search_term_string\"}}],\"inLanguage\":\"en-GB\"},{\"@type\":\"Organization\",\"@id\":\"https:\\\/\\\/simulacrum.ee\\\/#organization\",\"name\":\"Simulacrum Digital\",\"url\":\"https:\\\/\\\/simulacrum.ee\\\/\",\"logo\":{\"@type\":\"ImageObject\",\"inLanguage\":\"en-GB\",\"@id\":\"https:\\\/\\\/simulacrum.ee\\\/#\\\/schema\\\/logo\\\/image\\\/\",\"url\":\"https:\\\/\\\/simulacrum.ee\\\/wp-content\\\/uploads\\\/2023\\\/01\\\/cropped-20Artboard-3@4x-100-1.jpg\",\"contentUrl\":\"https:\\\/\\\/simulacrum.ee\\\/wp-content\\\/uploads\\\/2023\\\/01\\\/cropped-20Artboard-3@4x-100-1.jpg\",\"width\":512,\"height\":512,\"caption\":\"Simulacrum Digital\"},\"image\":{\"@id\":\"https:\\\/\\\/simulacrum.ee\\\/#\\\/schema\\\/logo\\\/image\\\/\"},\"sameAs\":[\"https:\\\/\\\/x.com\\\/RenserBerit\",\"https:\\\/\\\/www.instagram.com\\\/beritrenser\\\/\",\"https:\\\/\\\/ee.linkedin.com\\\/in\\\/berit-renser-8b57971a0\"]}]}<\/script>\n<!-- \/ Yoast SEO plugin. -->","yoast_head_json":{"title":"Digiturunduse agentuur | Strateegiast tehnoloogiani | Simulacrum","description":"Digiturunduse agentuur, millele v\u00f5ib loota. Oleme p\u00fchendunud oma klientide tulemuste kasvatamisele. V\u00f5ta \u00fchendust, liigutame sinu m\u00e4gesid.","robots":{"index":"index","follow":"follow","max-snippet":"max-snippet:-1","max-image-preview":"max-image-preview:large","max-video-preview":"max-video-preview:-1"},"canonical":"https:\/\/simulacrum.ee\/en\/","og_locale":"en_GB","og_type":"article","og_title":"Digiturunduse agentuur | Strateegiast tehnoloogiani | Simulacrum","og_description":"Digiturunduse agentuur, millele v\u00f5ib loota. Oleme p\u00fchendunud oma klientide tulemuste kasvatamisele. V\u00f5ta \u00fchendust, liigutame sinu m\u00e4gesid.","og_url":"https:\/\/simulacrum.ee\/en\/","og_site_name":"Simulacrum Digital","article_modified_time":"2024-01-30T20:31:48+00:00","og_image":[{"width":1030,"height":539,"url":"https:\/\/simulacrum.ee\/wp-content\/uploads\/2023\/03\/simulacrum-digital-featured-1030x539.png","type":"image\/png"}],"twitter_card":"summary_large_image","twitter_site":"@RenserBerit","twitter_misc":{"Estimated reading time":"1 minute"},"schema":{"@context":"https:\/\/schema.org","@graph":[{"@type":"WebPage","@id":"https:\/\/simulacrum.ee\/","url":"https:\/\/simulacrum.ee\/","name":"Digiturunduse agentuur | Strateegiast tehnoloogiani | Simulacrum","isPartOf":{"@id":"https:\/\/simulacrum.ee\/#website"},"primaryImageOfPage":{"@id":"https:\/\/simulacrum.ee\/#primaryimage"},"image":{"@id":"https:\/\/simulacrum.ee\/#primaryimage"},"thumbnailUrl":"https:\/\/simulacrum.ee\/wp-content\/uploads\/2023\/03\/simulacrum-digital-featured.png","datePublished":"2022-03-04T03:42:59+00:00","dateModified":"2024-01-30T20:31:48+00:00","description":"Digiturunduse agentuur, millele v\u00f5ib loota. Oleme p\u00fchendunud oma klientide tulemuste kasvatamisele. V\u00f5ta \u00fchendust, liigutame sinu m\u00e4gesid.","breadcrumb":{"@id":"https:\/\/simulacrum.ee\/#breadcrumb"},"inLanguage":"en-GB","potentialAction":[{"@type":"ReadAction","target":["https:\/\/simulacrum.ee\/"]}]},{"@type":"ImageObject","inLanguage":"en-GB","@id":"https:\/\/simulacrum.ee\/#primaryimage","url":"https:\/\/simulacrum.ee\/wp-content\/uploads\/2023\/03\/simulacrum-digital-featured.png","contentUrl":"https:\/\/simulacrum.ee\/wp-content\/uploads\/2023\/03\/simulacrum-digital-featured.png","width":1200,"height":628},{"@type":"BreadcrumbList","@id":"https:\/\/simulacrum.ee\/#breadcrumb","itemListElement":[{"@type":"ListItem","position":1,"name":"Home","item":"https:\/\/simulacrum.ee\/"},{"@type":"ListItem","position":2,"name":"Avaleht"}]},{"@type":"WebSite","@id":"https:\/\/simulacrum.ee\/#website","url":"https:\/\/simulacrum.ee\/","name":"Simulacrum Digital","description":"","publisher":{"@id":"https:\/\/simulacrum.ee\/#organization"},"potentialAction":[{"@type":"SearchAction","target":{"@type":"EntryPoint","urlTemplate":"https:\/\/simulacrum.ee\/?s={search_term_string}"},"query-input":{"@type":"PropertyValueSpecification","valueRequired":true,"valueName":"search_term_string"}}],"inLanguage":"en-GB"},{"@type":"Organization","@id":"https:\/\/simulacrum.ee\/#organization","name":"Simulacrum Digital","url":"https:\/\/simulacrum.ee\/","logo":{"@type":"ImageObject","inLanguage":"en-GB","@id":"https:\/\/simulacrum.ee\/#\/schema\/logo\/image\/","url":"https:\/\/simulacrum.ee\/wp-content\/uploads\/2023\/01\/cropped-20Artboard-3@4x-100-1.jpg","contentUrl":"https:\/\/simulacrum.ee\/wp-content\/uploads\/2023\/01\/cropped-20Artboard-3@4x-100-1.jpg","width":512,"height":512,"caption":"Simulacrum Digital"},"image":{"@id":"https:\/\/simulacrum.ee\/#\/schema\/logo\/image\/"},"sameAs":["https:\/\/x.com\/RenserBerit","https:\/\/www.instagram.com\/beritrenser\/","https:\/\/ee.linkedin.com\/in\/berit-renser-8b57971a0"]}]}},"uagb_featured_image_src":{"full":["https:\/\/simulacrum.ee\/wp-content\/uploads\/2023\/03\/simulacrum-digital-featured.png",1200,628,false],"thumbnail":["https:\/\/simulacrum.ee\/wp-content\/uploads\/2023\/03\/simulacrum-digital-featured-80x80.png",80,80,true],"medium":["https:\/\/simulacrum.ee\/wp-content\/uploads\/2023\/03\/simulacrum-digital-featured-300x157.png",300,157,true],"medium_large":["https:\/\/simulacrum.ee\/wp-content\/uploads\/2023\/03\/simulacrum-digital-featured-768x402.png",768,402,true],"large":["https:\/\/simulacrum.ee\/wp-content\/uploads\/2023\/03\/simulacrum-digital-featured-1030x539.png",1030,539,true],"1536x1536":["https:\/\/simulacrum.ee\/wp-content\/uploads\/2023\/03\/simulacrum-digital-featured.png",1200,628,false],"2048x2048":["https:\/\/simulacrum.ee\/wp-content\/uploads\/2023\/03\/simulacrum-digital-featured.png",1200,628,false],"trp-custom-language-flag":["https:\/\/simulacrum.ee\/wp-content\/uploads\/2023\/03\/simulacrum-digital-featured.png",18,9,false]},"uagb_author_info":{"display_name":"simulacrumdigital","author_link":"https:\/\/simulacrum.ee\/en\/author\/simulacrumdigital\/"},"uagb_comment_info":0,"uagb_excerpt":"Toetame sinu ettev\u00f5tte kasvu Digiturunduse agentuur, millele v\u00f5ib loota.","_links":{"self":[{"href":"https:\/\/simulacrum.ee\/en\/wp-json\/wp\/v2\/pages\/1488","targetHints":{"allow":["GET"]}}],"collection":[{"href":"https:\/\/simulacrum.ee\/en\/wp-json\/wp\/v2\/pages"}],"about":[{"href":"https:\/\/simulacrum.ee\/en\/wp-json\/wp\/v2\/types\/page"}],"author":[{"embeddable":true,"href":"https:\/\/simulacrum.ee\/en\/wp-json\/wp\/v2\/users\/6"}],"replies":[{"embeddable":true,"href":"https:\/\/simulacrum.ee\/en\/wp-json\/wp\/v2\/comments?post=1488"}],"version-history":[{"count":24,"href":"https:\/\/simulacrum.ee\/en\/wp-json\/wp\/v2\/pages\/1488\/revisions"}],"predecessor-version":[{"id":3481,"href":"https:\/\/simulacrum.ee\/en\/wp-json\/wp\/v2\/pages\/1488\/revisions\/3481"}],"wp:featuredmedia":[{"embeddable":true,"href":"https:\/\/simulacrum.ee\/en\/wp-json\/wp\/v2\/media\/2975"}],"wp:attachment":[{"href":"https:\/\/simulacrum.ee\/en\/wp-json\/wp\/v2\/media?parent=1488"}],"curies":[{"name":"wp","href":"https:\/\/api.w.org\/{rel}","templated":true}]}}